{"id":1498,"date":"2023-07-04T12:22:06","date_gmt":"2023-07-04T10:22:06","guid":{"rendered":"https:\/\/www.hotellebayeux.com\/?page_id=1498"},"modified":"2024-07-09T10:09:00","modified_gmt":"2024-07-09T08:09:00","slug":"discover-normandy","status":"publish","type":"page","link":"https:\/\/www.hotellebayeux.com\/en\/visit-normandy\/discover-normandy\/","title":{"rendered":"History of Normandy"},"content":{"rendered":"<div data-elementor-type=\"wp-page\" data-elementor-id=\"1498\" class=\"elementor elementor-1498\" data-elementor-post-type=\"page\">\n\t\t\t\t<div class=\"elementor-element elementor-element-6d2c3873 e-con-full e-flex e-con e-parent\" data-id=\"6d2c3873\" data-element_type=\"container\" data-settings=\"{&quot;background_background&quot;:&quot;classic&quot;}\">\n\t\t\t\t<div class=\"elementor-element elementor-element-466ad0bc elementor-widget elementor-widget-heading\" data-id=\"466ad0bc\" data-element_type=\"widget\" data-widget_type=\"heading.default\">\n\t\t\t\t<div class=\"elementor-widget-container\">\n\t\t\t\t\t<span class=\"elementor-heading-title elementor-size-default\">History of Normandy<\/span>\t\t\t\t<\/div>\n\t\t\t\t<\/div>\n\t\t\t\t<div class=\"elementor-element elementor-element-e37f927 elementor-widget elementor-widget-heading\" data-id=\"e37f927\" data-element_type=\"widget\" data-widget_type=\"heading.default\">\n\t\t\t\t<div class=\"elementor-widget-container\">\n\t\t\t\t\t<h1 class=\"elementor-heading-title elementor-size-default\">Discover Normandy<\/h1>\t\t\t\t<\/div>\n\t\t\t\t<\/div>\n\t\t\t\t<\/div>\n\t\t<div class=\"elementor-element elementor-element-181ca25d e-con-full e-flex e-con e-parent\" data-id=\"181ca25d\" data-element_type=\"container\">\n\t\t\t\t<div class=\"elementor-element elementor-element-68f4b34d elementor-mobile-align-center elementor-widget elementor-widget-button\" data-id=\"68f4b34d\" data-element_type=\"widget\" data-widget_type=\"button.default\">\n\t\t\t\t<div class=\"elementor-widget-container\">\n\t\t\t\t\t\t\t\t\t<div class=\"elementor-button-wrapper\">\n\t\t\t\t\t<a class=\"elementor-button elementor-size-sm\" role=\"button\">\n\t\t\t\t\t\t<span class=\"elementor-button-content-wrapper\">\n\t\t\t\t\t\t<span class=\"elementor-button-icon\">\n\t\t\t\t<i aria-hidden=\"true\" class=\"eliofont eliofont-arrow-left\"><\/i>\t\t\t<\/span>\n\t\t\t\t\t\t\t\t\t<span class=\"elementor-button-text\">Previous destination<\/span>\n\t\t\t\t\t<\/span>\n\t\t\t\t\t<\/a>\n\t\t\t\t<\/div>\n\t\t\t\t\t\t\t\t<\/div>\n\t\t\t\t<\/div>\n\t\t\t\t<div class=\"elementor-element elementor-element-14f51ce0 elementor-mobile-align-center elementor-widget elementor-widget-button\" data-id=\"14f51ce0\" data-element_type=\"widget\" data-widget_type=\"button.default\">\n\t\t\t\t<div class=\"elementor-widget-container\">\n\t\t\t\t\t\t\t\t\t<div class=\"elementor-button-wrapper\">\n\t\t\t\t\t<a class=\"elementor-button elementor-button-link elementor-size-sm\" href=\"https:\/\/www.hotellebayeux.com\/en\/visit-normandy\/walks-in-normandy\/\">\n\t\t\t\t\t\t<span class=\"elementor-button-content-wrapper\">\n\t\t\t\t\t\t<span class=\"elementor-button-icon\">\n\t\t\t\t<i aria-hidden=\"true\" class=\"eliofont eliofont-arrow-right\"><\/i>\t\t\t<\/span>\n\t\t\t\t\t\t\t\t\t<span class=\"elementor-button-text\">Next destination<\/span>\n\t\t\t\t\t<\/span>\n\t\t\t\t\t<\/a>\n\t\t\t\t<\/div>\n\t\t\t\t\t\t\t\t<\/div>\n\t\t\t\t<\/div>\n\t\t\t\t<\/div>\n\t\t<div class=\"elementor-element elementor-element-106d8d7 e-con-full fade-bloc e-flex e-con e-parent\" data-id=\"106d8d7\" data-element_type=\"container\" data-settings=\"{&quot;background_background&quot;:&quot;classic&quot;}\">\n\t\t<div class=\"elementor-element elementor-element-25a0fd9 e-con-full fade-content e-flex e-con e-child\" data-id=\"25a0fd9\" data-element_type=\"container\" data-settings=\"{&quot;background_background&quot;:&quot;classic&quot;}\">\n\t\t<div class=\"elementor-element elementor-element-df1f01d e-flex e-con-boxed e-con e-child\" data-id=\"df1f01d\" data-element_type=\"container\">\n\t\t\t\t\t<div class=\"e-con-inner\">\n\t\t\t\t<div class=\"elementor-element elementor-element-4803416 fade-title elementor-widget elementor-widget-heading\" data-id=\"4803416\" data-element_type=\"widget\" data-widget_type=\"heading.default\">\n\t\t\t\t<div class=\"elementor-widget-container\">\n\t\t\t\t\t<h2 class=\"elementor-heading-title elementor-size-default\">MAHB (BARON G\u00c9RARD MUSEUM OF ART AND HISTORY)<\/h2>\t\t\t\t<\/div>\n\t\t\t\t<\/div>\n\t\t\t\t<div class=\"elementor-element elementor-element-42d8c3a fade-subtext elementor-widget elementor-widget-text-editor\" data-id=\"42d8c3a\" data-element_type=\"widget\" data-widget_type=\"text-editor.default\">\n\t\t\t\t<div class=\"elementor-widget-container\">\n\t\t\t\t\t\t\t\t\t<p>During your stay at the hotel, visit the Bayeux Museum of Art and History, a space dedicated to culture where masterpieces of European art rub shoulders with the most prestigious aspects of regional creation.<\/p>\t\t\t\t\t\t\t\t<\/div>\n\t\t\t\t<\/div>\n\t\t\t\t<div class=\"elementor-element elementor-element-fe193be fade-text elementor-widget elementor-widget-text-editor\" data-id=\"fe193be\" data-element_type=\"widget\" data-widget_type=\"text-editor.default\">\n\t\t\t\t<div class=\"elementor-widget-container\">\n\t\t\t\t\t\t\t\t\t<p>Located in the heart of an 11th-16th-century bishop's palace, the museum exhibits works of great value, including 800 archaeological objects, over 600 works of art including 250 paintings and prints by David, Gros, Van der Goes, Clouet, Champaigne, Boucher, Caillebotte, etc., and over 2,500 Bayeux porcelains and lace, all of which are renowned. <br \/>A cultural journey through history that will give you a taste of Normandy and is sure to appeal to art and history lovers!<\/p>\t\t\t\t\t\t\t\t<\/div>\n\t\t\t\t<\/div>\n\t\t\t\t\t<\/div>\n\t\t\t\t<\/div>\n\t\t\t\t<\/div>\n\t\t<div class=\"elementor-element elementor-element-c968b2e e-con-full e-flex e-con e-child\" data-id=\"c968b2e\" data-element_type=\"container\" data-settings=\"{&quot;background_background&quot;:&quot;classic&quot;}\">\n\t\t\t\t<\/div>\n\t\t\t\t<\/div>\n\t\t<div class=\"elementor-element elementor-element-5cc0712 e-con-full fade-bloc e-flex e-con e-parent\" data-id=\"5cc0712\" data-element_type=\"container\">\n\t\t<div class=\"elementor-element elementor-element-3c730ac e-con-full fade-content e-flex e-con e-child\" data-id=\"3c730ac\" data-element_type=\"container\" data-settings=\"{&quot;background_background&quot;:&quot;classic&quot;}\">\n\t\t<div class=\"elementor-element elementor-element-f4f9772 e-flex e-con-boxed e-con e-child\" data-id=\"f4f9772\" data-element_type=\"container\">\n\t\t\t\t\t<div class=\"e-con-inner\">\n\t\t\t\t<div class=\"elementor-element elementor-element-f903346 fade-title elementor-widget elementor-widget-heading\" data-id=\"f903346\" data-element_type=\"widget\" data-widget_type=\"heading.default\">\n\t\t\t\t<div class=\"elementor-widget-container\">\n\t\t\t\t\t<h2 class=\"elementor-heading-title elementor-size-default\">BAYEUX BATTLE OF NORMANDY MUSEUM<\/h2>\t\t\t\t<\/div>\n\t\t\t\t<\/div>\n\t\t\t\t<div class=\"elementor-element elementor-element-233c505 fade-subtext elementor-widget elementor-widget-text-editor\" data-id=\"233c505\" data-element_type=\"widget\" data-widget_type=\"text-editor.default\">\n\t\t\t\t<div class=\"elementor-widget-container\">\n\t\t\t\t\t\t\t\t\t<p>Located just a few kilometres from the D-Day landing beaches, and a stone's throw from the hotel, this is the only museum to devote 2,300 m\u00b2 to the Battle of Normandy, presenting the different phases and military operations of the summer of 1944.<\/p>\t\t\t\t\t\t\t\t<\/div>\n\t\t\t\t<\/div>\n\t\t\t\t<div class=\"elementor-element elementor-element-610a317 fade-text elementor-widget elementor-widget-text-editor\" data-id=\"610a317\" data-element_type=\"widget\" data-widget_type=\"text-editor.default\">\n\t\t\t\t<div class=\"elementor-widget-container\">\n\t\t\t\t\t\t\t\t\t<p>The Battle of Normandy Memorial Museum retraces the events that directly followed D-Day, the 77 days of fighting in the Battle of Normandy from 7 June to 29 August 1944.<br \/>It's a unique place to understand the strategic issues at stake and to learn about the lives of the soldiers who fought in Normandy, through numerous video projections, illustrated explanatory texts, displays of heavy equipment, weapons, uniforms and various objects, original maps and 3D \"model plans\".<\/p>\t\t\t\t\t\t\t\t<\/div>\n\t\t\t\t<\/div>\n\t\t\t\t\t<\/div>\n\t\t\t\t<\/div>\n\t\t\t\t<\/div>\n\t\t<div class=\"elementor-element elementor-element-94e121a e-con-full e-flex e-con e-child\" data-id=\"94e121a\" data-element_type=\"container\" data-settings=\"{&quot;background_background&quot;:&quot;classic&quot;}\">\n\t\t\t\t<\/div>\n\t\t\t\t<\/div>\n\t\t<div class=\"elementor-element elementor-element-9decd9e e-con-full fade-bloc e-flex e-con e-parent\" data-id=\"9decd9e\" data-element_type=\"container\" data-settings=\"{&quot;background_background&quot;:&quot;classic&quot;}\">\n\t\t<div class=\"elementor-element elementor-element-b31439c e-con-full fade-content e-flex e-con e-child\" data-id=\"b31439c\" data-element_type=\"container\" data-settings=\"{&quot;background_background&quot;:&quot;classic&quot;}\">\n\t\t<div class=\"elementor-element elementor-element-1217487 e-flex e-con-boxed e-con e-child\" data-id=\"1217487\" data-element_type=\"container\">\n\t\t\t\t\t<div class=\"e-con-inner\">\n\t\t\t\t<div class=\"elementor-element elementor-element-f10364a fade-title elementor-widget elementor-widget-heading\" data-id=\"f10364a\" data-element_type=\"widget\" data-widget_type=\"heading.default\">\n\t\t\t\t<div class=\"elementor-widget-container\">\n\t\t\t\t\t<h2 class=\"elementor-heading-title elementor-size-default\">BAYEUX BRITISH CEMETERY<\/h2>\t\t\t\t<\/div>\n\t\t\t\t<\/div>\n\t\t\t\t<div class=\"elementor-element elementor-element-a4ec908 fade-subtext elementor-widget elementor-widget-text-editor\" data-id=\"a4ec908\" data-element_type=\"widget\" data-widget_type=\"text-editor.default\">\n\t\t\t\t<div class=\"elementor-widget-container\">\n\t\t\t\t\t\t\t\t\t<p>Bayeux British War Cemetery contains more than 4,000 graves of Commonwealth soldiers who fell in the Second World War.<\/p>\t\t\t\t\t\t\t\t<\/div>\n\t\t\t\t<\/div>\n\t\t\t\t<div class=\"elementor-element elementor-element-39a8b8d fade-text elementor-widget elementor-widget-text-editor\" data-id=\"39a8b8d\" data-element_type=\"widget\" data-widget_type=\"text-editor.default\">\n\t\t\t\t<div class=\"elementor-widget-container\">\n\t\t\t\t\t\t\t\t\t<p>Many of the soldiers buried in this cemetery died in the field hospital to the south-west of the town. Bayeux was little affected by the fighting, and served as a base for the British army during the Battle of Normandy.<br \/>Bayeux British War Cemetery also contains the graves of Canadian, Australian, New Zealand, South African, Polish, Russian, French, Czech, Italian and German soldiers.<br \/>The Battle of Normandy Memorial Museum is nearby, as is the Memorial to the more than 2,000 journalists and reporters who have lost their lives since 1944 while covering conflicts.<\/p>\t\t\t\t\t\t\t\t<\/div>\n\t\t\t\t<\/div>\n\t\t\t\t\t<\/div>\n\t\t\t\t<\/div>\n\t\t\t\t<\/div>\n\t\t<div class=\"elementor-element elementor-element-ed6ae4e e-con-full e-flex e-con e-child\" data-id=\"ed6ae4e\" data-element_type=\"container\" data-settings=\"{&quot;background_background&quot;:&quot;classic&quot;}\">\n\t\t\t\t<\/div>\n\t\t\t\t<\/div>\n\t\t\t\t<\/div>","protected":false},"excerpt":{"rendered":"<p>Discover Normandy Previous destination Next destination MAHB (MUS\u00c9E D'ART ET D'HISTOIRE BARON G\u00c9RARD) During your stay at the hotel, visit the Mus\u00e9e d'Art et d'Histoire de Bayeux, a space dedicated to culture where masterpieces of European art rub shoulders with the most prestigious aspects of regional creation. Located in the heart of a [...]<\/p>","protected":false},"author":13,"featured_media":0,"parent":67,"menu_order":0,"comment_status":"closed","ping_status":"closed","template":"","meta":{"_acf_changed":false,"inline_featured_image":false,"footnotes":""},"class_list":["post-1498","page","type-page","status-publish","hentry"],"acf":[],"_links":{"self":[{"href":"https:\/\/www.hotellebayeux.com\/en\/wp-json\/wp\/v2\/pages\/1498","targetHints":{"allow":["GET"]}}],"collection":[{"href":"https:\/\/www.hotellebayeux.com\/en\/wp-json\/wp\/v2\/pages"}],"about":[{"href":"https:\/\/www.hotellebayeux.com\/en\/wp-json\/wp\/v2\/types\/page"}],"author":[{"embeddable":true,"href":"https:\/\/www.hotellebayeux.com\/en\/wp-json\/wp\/v2\/users\/13"}],"replies":[{"embeddable":true,"href":"https:\/\/www.hotellebayeux.com\/en\/wp-json\/wp\/v2\/comments?post=1498"}],"version-history":[{"count":38,"href":"https:\/\/www.hotellebayeux.com\/en\/wp-json\/wp\/v2\/pages\/1498\/revisions"}],"predecessor-version":[{"id":3493,"href":"https:\/\/www.hotellebayeux.com\/en\/wp-json\/wp\/v2\/pages\/1498\/revisions\/3493"}],"up":[{"embeddable":true,"href":"https:\/\/www.hotellebayeux.com\/en\/wp-json\/wp\/v2\/pages\/67"}],"wp:attachment":[{"href":"https:\/\/www.hotellebayeux.com\/en\/wp-json\/wp\/v2\/media?parent=1498"}],"curies":[{"name":"wp","href":"https:\/\/api.w.org\/{rel}","templated":true}]}}